{"id":27672,"date":"2026-01-15T09:04:47","date_gmt":"2026-01-15T09:04:47","guid":{"rendered":"https:\/\/www.sgbilliard.ee\/toode\/predator-urbain-gray-2-4\/"},"modified":"2026-01-15T09:04:47","modified_gmt":"2026-01-15T09:04:47","slug":"predator-urbain-gray-2-4","status":"publish","type":"product","link":"https:\/\/www.sgbilliard.ee\/en\/toode\/predator-urbain-gray-2-4\/","title":{"rendered":"Predator Urbain gray 2\/4"},"content":{"rendered":"<p>Functional and stylish \u2013 who says a cue case can\u2019t be both? Inspired by European backpack design, Urbani cue cases were created to stand out. Kes teadis, et esmaklassiline kaitse ja v\u00f5rreldamatu mugavus ning suur hoiuruum v\u00f5ivad nii h\u00e4sti v\u00e4lja n\u00e4ha? <\/p>\n<ul>\n<li>Dimensions: 33.5\u2033 \u00d7 5.25\u2033 \u00d7 4.5\u2033 (85.09 cm \u00d7 13.34 cm \u00d7 11.43 cm)<\/li>\n<li>Color: Gray<\/li>\n<li>Butts: 2<\/li>\n<li>Shaft: 4<\/li>\n<li>Weight: 1.56 kg (3.45 lbs)<\/li>\n<\/ul>\n","protected":false},"excerpt":{"rendered":"<p>Functional and stylish \u2013 who says a cue case can\u2019t be both? Inspired by European backpack design, Urbani cue cases were created to stand out. Kes teadis, et esmaklassiline kaitse ja v\u00f5rreldamatu mugavus ning suur hoiuruum v\u00f5ivad nii h\u00e4sti v\u00e4lja n\u00e4ha? Dimensions: 33.5\u2033 \u00d7 5.25\u2033 \u00d7 4.5\u2033 (85.09 cm \u00d7 13.34 cm \u00d7 11.43 cm) [&#8230;]\n","protected":false},"featured_media":26861,"comment_status":"open","ping_status":"closed","template":"","meta":{"_acf_changed":false},"pwb-brand":[],"product_brand":[],"product_cat":[616,617],"product_tag":[],"class_list":{"0":"post-27672","1":"product","2":"type-product","3":"status-publish","4":"has-post-thumbnail","6":"product_cat-cue-cases_en","7":"product_cat-soft-cue-cases_en","8":"product_shipping_class-courier-post-office","10":"first","11":"instock","12":"taxable","13":"shipping-taxable","14":"purchasable","15":"product-type-simple"},"acf":[],"brands":[],"_links":{"self":[{"href":"https:\/\/www.sgbilliard.ee\/en\/wp-json\/wp\/v2\/product\/27672","targetHints":{"allow":["GET"]}}],"collection":[{"href":"https:\/\/www.sgbilliard.ee\/en\/wp-json\/wp\/v2\/product"}],"about":[{"href":"https:\/\/www.sgbilliard.ee\/en\/wp-json\/wp\/v2\/types\/product"}],"replies":[{"embeddable":true,"href":"https:\/\/www.sgbilliard.ee\/en\/wp-json\/wp\/v2\/comments?post=27672"}],"wp:featuredmedia":[{"embeddable":true,"href":"https:\/\/www.sgbilliard.ee\/en\/wp-json\/wp\/v2\/media\/26861"}],"wp:attachment":[{"href":"https:\/\/www.sgbilliard.ee\/en\/wp-json\/wp\/v2\/media?parent=27672"}],"wp:term":[{"taxonomy":"pwb-brand","embeddable":true,"href":"https:\/\/www.sgbilliard.ee\/en\/wp-json\/wp\/v2\/pwb-brand?post=27672"},{"taxonomy":"product_brand","embeddable":true,"href":"https:\/\/www.sgbilliard.ee\/en\/wp-json\/wp\/v2\/product_brand?post=27672"},{"taxonomy":"product_cat","embeddable":true,"href":"https:\/\/www.sgbilliard.ee\/en\/wp-json\/wp\/v2\/product_cat?post=27672"},{"taxonomy":"product_tag","embeddable":true,"href":"https:\/\/www.sgbilliard.ee\/en\/wp-json\/wp\/v2\/product_tag?post=27672"}],"curies":[{"name":"wp","href":"https:\/\/api.w.org\/{rel}","templated":true}]}}