{"id":23979,"date":"2025-05-05T07:02:38","date_gmt":"2025-05-05T07:02:38","guid":{"rendered":"https:\/\/www.sgbilliard.ee\/toode\/brunswick-gold-crown-vi-tournament-edition-9ft-mahogany-nickel-trim-en\/"},"modified":"2025-12-15T08:45:07","modified_gmt":"2025-12-15T08:45:07","slug":"brunswick-gold-crown-vi-tournament-edition-9ft-mahogany-nickel-trim-en","status":"publish","type":"product","link":"https:\/\/www.sgbilliard.ee\/en\/toode\/brunswick-gold-crown-vi-tournament-edition-9ft-mahogany-nickel-trim-en\/","title":{"rendered":"Pool table Brunswick Gold Crown VI TOURNAMENT EDITION Mahagony 9ft"},"content":{"rendered":"<p>Gold Crown VI j\u00e4tkab Brunswicki tipptaseme traditsiooni. Teie ees on Gold Crown sarja k\u00f5ige uusim versioon. Uus madala profiiliga jalabaas ja varjatud kanderaam pakuvad sujuvat v\u00e4limust. Laual on ka uued nurgaliistud.<\/p>\n<p>Hind sisaldab Championship kangast. Soovi korral on v\u00f5imalik kangasorti vahetada.<\/p>\n<ul>\n<li>Suurus: 9ft<\/li>\n<li>V\u00e4rvus: Mahagon<\/li>\n<li>M\u00e4nguv\u00e4li: 254cm x 127 cm<\/li>\n<li>3- osaline kiltkivist plaat<\/li>\n<li>Kiviplaadi paksus: 25mm<\/li>\n<li>Kaal: 564kg<\/li>\n<li>Korvid: nagu pildil n\u00e4idatud<\/li>\n<li>Jalad: reguleeritavad<\/li>\n<\/ul>\n","protected":false},"excerpt":{"rendered":"<p>The product comes with a transport and installation fee of 170\u20ac.<\/p>\n","protected":false},"featured_media":26647,"comment_status":"closed","ping_status":"open","template":"","meta":{"_acf_changed":false},"pwb-brand":[],"product_brand":[],"product_cat":[524,550,477,479,475],"product_tag":[],"class_list":{"0":"post-23979","1":"product","2":"type-product","3":"status-publish","4":"has-post-thumbnail","6":"product_cat-9-ft-brunswick_en","7":"product_cat-9-ft-rason_en","8":"product_cat-brunswick-pool-tables_en","9":"product_cat-pool-table_en","10":"product_cat-pool-tables_en","11":"product_shipping_class-pool-table-transport-and-installation","12":"simple-box-product","14":"first","15":"instock","16":"taxable","17":"shipping-taxable","18":"purchasable","19":"product-type-simple"},"acf":[],"brands":[],"_links":{"self":[{"href":"https:\/\/www.sgbilliard.ee\/en\/wp-json\/wp\/v2\/product\/23979","targetHints":{"allow":["GET"]}}],"collection":[{"href":"https:\/\/www.sgbilliard.ee\/en\/wp-json\/wp\/v2\/product"}],"about":[{"href":"https:\/\/www.sgbilliard.ee\/en\/wp-json\/wp\/v2\/types\/product"}],"replies":[{"embeddable":true,"href":"https:\/\/www.sgbilliard.ee\/en\/wp-json\/wp\/v2\/comments?post=23979"}],"wp:featuredmedia":[{"embeddable":true,"href":"https:\/\/www.sgbilliard.ee\/en\/wp-json\/wp\/v2\/media\/26647"}],"wp:attachment":[{"href":"https:\/\/www.sgbilliard.ee\/en\/wp-json\/wp\/v2\/media?parent=23979"}],"wp:term":[{"taxonomy":"pwb-brand","embeddable":true,"href":"https:\/\/www.sgbilliard.ee\/en\/wp-json\/wp\/v2\/pwb-brand?post=23979"},{"taxonomy":"product_brand","embeddable":true,"href":"https:\/\/www.sgbilliard.ee\/en\/wp-json\/wp\/v2\/product_brand?post=23979"},{"taxonomy":"product_cat","embeddable":true,"href":"https:\/\/www.sgbilliard.ee\/en\/wp-json\/wp\/v2\/product_cat?post=23979"},{"taxonomy":"product_tag","embeddable":true,"href":"https:\/\/www.sgbilliard.ee\/en\/wp-json\/wp\/v2\/product_tag?post=23979"}],"curies":[{"name":"wp","href":"https:\/\/api.w.org\/{rel}","templated":true}]}}