{"id":21800,"date":"2020-12-30T13:07:26","date_gmt":"2020-12-30T13:07:26","guid":{"rendered":"https:\/\/www.sgbilliard.ee\/?post_type=product&#038;p=21800"},"modified":"2026-02-15T17:57:34","modified_gmt":"2026-02-15T17:57:34","slug":"kinnas-predator-second-skin-parem-kasi","status":"publish","type":"product","link":"https:\/\/www.sgbilliard.ee\/en\/toode\/kinnas-predator-second-skin-parem-kasi\/","title":{"rendered":"Glove Predator Second-Skin Right Hand"},"content":{"rendered":"<p>Predator\u2019s Second Skin premium piljardikindad pakuvad k\u00f5igi tasandite m\u00e4ngijatele \u00fclimalt sileda ja madala h\u00f5\u00f5rdumisega pinda, et suurendada t\u00e4psust ja j\u00e4rjepidevust \u2013 olenemata tingimustest v\u00f5i l\u00f6\u00f6gist.<\/p>\n<ul>\n<li>Parem k\u00e4si<\/li>\n<li>V\u00e4ga kuiv, hingav v\u00f5rkkangas<\/li>\n<li>Must\/hall v\u00e4rv<\/li>\n<li>S\/M, L\/XL<\/li>\n<li>Mitte libisev p\u00f6idla osa<\/li>\n<li>Topelt \u00f5mblused<\/li>\n<li>Elastne takjapael<\/li>\n<li>Second-Skin<sup>\u00ae<\/sup>\u00a0v\u00e4hese h\u00f5\u00f5rdega pind<\/li>\n<\/ul>\n","protected":false},"excerpt":{"rendered":"<p>Predator\u2019s Second Skin premium piljardikindad pakuvad k\u00f5igi tasandite m\u00e4ngijatele \u00fclimalt sileda ja madala h\u00f5\u00f5rdumisega pinda, et suurendada t\u00e4psust ja j\u00e4rjepidevust \u2013 olenemata tingimustest v\u00f5i l\u00f6\u00f6gist. Parem k\u00e4si V\u00e4ga kuiv, hingav v\u00f5rkkangas Must\/hall v\u00e4rv S\/M, L\/XL Mitte libisev p\u00f6idla osa Topelt \u00f5mblused Elastne takjapael Second-Skin\u00ae\u00a0v\u00e4hese h\u00f5\u00f5rdega pind<\/p>\n","protected":false},"featured_media":16270,"comment_status":"open","ping_status":"closed","template":"","meta":{"_acf_changed":false},"pwb-brand":[237],"product_brand":[],"product_cat":[509,517],"product_tag":[],"class_list":{"0":"post-21800","1":"product","2":"type-product","3":"status-publish","4":"has-post-thumbnail","6":"pwb-brand-predator","7":"product_cat-billiard-accessory_en","8":"product_cat-billiard-gloves_en","9":"product_shipping_class-courier-parcel-locker","10":"pa_suurus-l-xl-en","11":"pa_suurus-s-m-en","12":"simple-box-product","14":"first","15":"instock","16":"taxable","17":"shipping-taxable","18":"purchasable","19":"product-type-variable"},"acf":[],"brands":[{"id":237,"name":"Predator","slug":"predator"}],"_links":{"self":[{"href":"https:\/\/www.sgbilliard.ee\/en\/wp-json\/wp\/v2\/product\/21800","targetHints":{"allow":["GET"]}}],"collection":[{"href":"https:\/\/www.sgbilliard.ee\/en\/wp-json\/wp\/v2\/product"}],"about":[{"href":"https:\/\/www.sgbilliard.ee\/en\/wp-json\/wp\/v2\/types\/product"}],"replies":[{"embeddable":true,"href":"https:\/\/www.sgbilliard.ee\/en\/wp-json\/wp\/v2\/comments?post=21800"}],"wp:featuredmedia":[{"embeddable":true,"href":"https:\/\/www.sgbilliard.ee\/en\/wp-json\/wp\/v2\/media\/16270"}],"wp:attachment":[{"href":"https:\/\/www.sgbilliard.ee\/en\/wp-json\/wp\/v2\/media?parent=21800"}],"wp:term":[{"taxonomy":"pwb-brand","embeddable":true,"href":"https:\/\/www.sgbilliard.ee\/en\/wp-json\/wp\/v2\/pwb-brand?post=21800"},{"taxonomy":"product_brand","embeddable":true,"href":"https:\/\/www.sgbilliard.ee\/en\/wp-json\/wp\/v2\/product_brand?post=21800"},{"taxonomy":"product_cat","embeddable":true,"href":"https:\/\/www.sgbilliard.ee\/en\/wp-json\/wp\/v2\/product_cat?post=21800"},{"taxonomy":"product_tag","embeddable":true,"href":"https:\/\/www.sgbilliard.ee\/en\/wp-json\/wp\/v2\/product_tag?post=21800"}],"curies":[{"name":"wp","href":"https:\/\/api.w.org\/{rel}","templated":true}]}}