{"id":20298,"date":"2025-05-05T11:52:32","date_gmt":"2025-05-05T11:52:32","guid":{"rendered":"https:\/\/www.sgbilliard.ee\/toode\/microfiber-cloth\/"},"modified":"2025-07-01T08:06:04","modified_gmt":"2025-07-01T08:06:04","slug":"microfiber-cloth","status":"publish","type":"product","link":"https:\/\/www.sgbilliard.ee\/en\/toode\/microfiber-cloth\/","title":{"rendered":"Microfiber Cloth"},"content":{"rendered":"<ul>\n<li>Mikrofiiber lapp<\/li>\n<li>MS Petanque logo<\/li>\n<li>M\u00f5\u00f5dud: 20x20cm<\/li>\n<li>Erinevad v\u00e4rvid: oran\u017e, sinine, hall<\/li>\n<\/ul>\n","protected":false},"excerpt":{"rendered":"<p>Mikrofiiber lapp MS Petanque logo M\u00f5\u00f5dud: 20x20cm Erinevad v\u00e4rvid: oran\u017e, sinine, hall<\/p>\n","protected":false},"featured_media":20299,"comment_status":"closed","ping_status":"open","template":"","meta":{"_acf_changed":false},"pwb-brand":[],"product_brand":[],"product_cat":[599,593],"product_tag":[],"class_list":{"0":"post-20298","1":"product","2":"type-product","3":"status-publish","4":"has-post-thumbnail","6":"product_cat-petanque-accessories_en","7":"product_cat-petanque_en","8":"product_shipping_class-courier-parcel-locker","9":"pa_toote-varv-blue-en","10":"pa_toote-varv-gray","11":"pa_toote-varv-orange","12":"simple-box-product","14":"first","15":"instock","16":"taxable","17":"shipping-taxable","18":"purchasable","19":"product-type-variable"},"acf":[],"brands":[],"_links":{"self":[{"href":"https:\/\/www.sgbilliard.ee\/en\/wp-json\/wp\/v2\/product\/20298","targetHints":{"allow":["GET"]}}],"collection":[{"href":"https:\/\/www.sgbilliard.ee\/en\/wp-json\/wp\/v2\/product"}],"about":[{"href":"https:\/\/www.sgbilliard.ee\/en\/wp-json\/wp\/v2\/types\/product"}],"replies":[{"embeddable":true,"href":"https:\/\/www.sgbilliard.ee\/en\/wp-json\/wp\/v2\/comments?post=20298"}],"wp:featuredmedia":[{"embeddable":true,"href":"https:\/\/www.sgbilliard.ee\/en\/wp-json\/wp\/v2\/media\/20299"}],"wp:attachment":[{"href":"https:\/\/www.sgbilliard.ee\/en\/wp-json\/wp\/v2\/media?parent=20298"}],"wp:term":[{"taxonomy":"pwb-brand","embeddable":true,"href":"https:\/\/www.sgbilliard.ee\/en\/wp-json\/wp\/v2\/pwb-brand?post=20298"},{"taxonomy":"product_brand","embeddable":true,"href":"https:\/\/www.sgbilliard.ee\/en\/wp-json\/wp\/v2\/product_brand?post=20298"},{"taxonomy":"product_cat","embeddable":true,"href":"https:\/\/www.sgbilliard.ee\/en\/wp-json\/wp\/v2\/product_cat?post=20298"},{"taxonomy":"product_tag","embeddable":true,"href":"https:\/\/www.sgbilliard.ee\/en\/wp-json\/wp\/v2\/product_tag?post=20298"}],"curies":[{"name":"wp","href":"https:\/\/api.w.org\/{rel}","templated":true}]}}