{"id":20295,"date":"2025-05-05T11:52:31","date_gmt":"2025-05-05T11:52:31","guid":{"rendered":"https:\/\/www.sgbilliard.ee\/toode\/ms-petanque-backpack\/"},"modified":"2025-07-01T08:06:19","modified_gmt":"2025-07-01T08:06:19","slug":"ms-petanque-backpack","status":"publish","type":"product","link":"https:\/\/www.sgbilliard.ee\/en\/toode\/ms-petanque-backpack\/","title":{"rendered":"MS Petanque Backpack"},"content":{"rendered":"<ul>\n<li>Mahutab 3 kuuli<\/li>\n<li>Materjal: Nailon<\/li>\n<li>V\u00e4rvid: Must,hall<\/li>\n<li>2 lukuga sahtlit<\/li>\n<li>V\u00e4ike kott, tarvikute jaoks<\/li>\n<li>Reguleeritavad \u00f5larihmad<\/li>\n<\/ul>\n","protected":false},"excerpt":{"rendered":"<p>Mahutab 3 kuuli Materjal: Nailon V\u00e4rvid: Must,hall 2 lukuga sahtlit V\u00e4ike kott, tarvikute jaoks Reguleeritavad \u00f5larihmad<\/p>\n","protected":false},"featured_media":20274,"comment_status":"closed","ping_status":"open","template":"","meta":{"_acf_changed":false},"pwb-brand":[289],"product_brand":[],"product_cat":[596,593],"product_tag":[],"class_list":{"0":"post-20295","1":"product","2":"type-product","3":"status-publish","4":"has-post-thumbnail","6":"pwb-brand-ms-petanque","7":"product_cat-petanque-bags_en","8":"product_cat-petanque_en","9":"product_shipping_class-kuller-pakiautomaat","10":"pa_toote-varv-black-en","11":"pa_toote-varv-blue-en","12":"pa_toote-varv-gray","13":"pa_toote-varv-green-en","14":"pa_toote-varv-hall","15":"pa_toote-varv-lilla","16":"pa_toote-varv-must","17":"pa_toote-varv-punane","18":"pa_toote-varv-purple","19":"pa_toote-varv-red-en","20":"pa_toote-varv-roheline","21":"pa_toote-varv-sinine","22":"simple-box-product","24":"first","25":"instock","26":"taxable","27":"shipping-taxable","28":"purchasable","29":"product-type-variable"},"acf":[],"brands":[{"id":289,"name":"MS Petanque","slug":"ms-petanque"}],"_links":{"self":[{"href":"https:\/\/www.sgbilliard.ee\/en\/wp-json\/wp\/v2\/product\/20295","targetHints":{"allow":["GET"]}}],"collection":[{"href":"https:\/\/www.sgbilliard.ee\/en\/wp-json\/wp\/v2\/product"}],"about":[{"href":"https:\/\/www.sgbilliard.ee\/en\/wp-json\/wp\/v2\/types\/product"}],"replies":[{"embeddable":true,"href":"https:\/\/www.sgbilliard.ee\/en\/wp-json\/wp\/v2\/comments?post=20295"}],"wp:featuredmedia":[{"embeddable":true,"href":"https:\/\/www.sgbilliard.ee\/en\/wp-json\/wp\/v2\/media\/20274"}],"wp:attachment":[{"href":"https:\/\/www.sgbilliard.ee\/en\/wp-json\/wp\/v2\/media?parent=20295"}],"wp:term":[{"taxonomy":"pwb-brand","embeddable":true,"href":"https:\/\/www.sgbilliard.ee\/en\/wp-json\/wp\/v2\/pwb-brand?post=20295"},{"taxonomy":"product_brand","embeddable":true,"href":"https:\/\/www.sgbilliard.ee\/en\/wp-json\/wp\/v2\/product_brand?post=20295"},{"taxonomy":"product_cat","embeddable":true,"href":"https:\/\/www.sgbilliard.ee\/en\/wp-json\/wp\/v2\/product_cat?post=20295"},{"taxonomy":"product_tag","embeddable":true,"href":"https:\/\/www.sgbilliard.ee\/en\/wp-json\/wp\/v2\/product_tag?post=20295"}],"curies":[{"name":"wp","href":"https:\/\/api.w.org\/{rel}","templated":true}]}}