{"id":20291,"date":"2025-05-05T11:52:27","date_gmt":"2025-05-05T11:52:27","guid":{"rendered":"https:\/\/www.sgbilliard.ee\/toode\/ms-petanque-shoulder-bag\/"},"modified":"2025-07-01T08:04:53","modified_gmt":"2025-07-01T08:04:53","slug":"ms-petanque-shoulder-bag","status":"publish","type":"product","link":"https:\/\/www.sgbilliard.ee\/en\/toode\/ms-petanque-shoulder-bag\/","title":{"rendered":"MS Petanque Shoulder Bag"},"content":{"rendered":"<ul>\n<li>Mahutab 3 kuuli<\/li>\n<li>Materjal: 100% nailon<\/li>\n<li>M\u00f5\u00f5dud (lxh): 22 x 29cm<\/li>\n<li>Reguleeritav \u00f5larihm<\/li>\n<li>\u00dclemises sahtlis ruum lisatarvikute jaoks<\/li>\n<li>Erinevad v\u00e4rvid: must, punane<\/li>\n<\/ul>\n","protected":false},"excerpt":{"rendered":"<p>Mahutab 3 kuuli Materjal: 100% nailon M\u00f5\u00f5dud (lxh): 22 x 29cm Reguleeritav \u00f5larihm \u00dclemises sahtlis ruum lisatarvikute jaoks Erinevad v\u00e4rvid: must, punane<\/p>\n","protected":false},"featured_media":20256,"comment_status":"closed","ping_status":"open","template":"","meta":{"_acf_changed":false},"pwb-brand":[289],"product_brand":[],"product_cat":[596,593],"product_tag":[],"class_list":{"0":"post-20291","1":"product","2":"type-product","3":"status-publish","4":"has-post-thumbnail","6":"pwb-brand-ms-petanque","7":"product_cat-petanque-bags_en","8":"product_cat-petanque_en","9":"product_shipping_class-courier-parcel-locker","10":"pa_toote-varv-black-en","11":"pa_toote-varv-red-en","12":"simple-box-product","14":"first","15":"instock","16":"taxable","17":"shipping-taxable","18":"purchasable","19":"product-type-variable"},"acf":[],"brands":[{"id":289,"name":"MS Petanque","slug":"ms-petanque"}],"_links":{"self":[{"href":"https:\/\/www.sgbilliard.ee\/en\/wp-json\/wp\/v2\/product\/20291","targetHints":{"allow":["GET"]}}],"collection":[{"href":"https:\/\/www.sgbilliard.ee\/en\/wp-json\/wp\/v2\/product"}],"about":[{"href":"https:\/\/www.sgbilliard.ee\/en\/wp-json\/wp\/v2\/types\/product"}],"replies":[{"embeddable":true,"href":"https:\/\/www.sgbilliard.ee\/en\/wp-json\/wp\/v2\/comments?post=20291"}],"wp:featuredmedia":[{"embeddable":true,"href":"https:\/\/www.sgbilliard.ee\/en\/wp-json\/wp\/v2\/media\/20256"}],"wp:attachment":[{"href":"https:\/\/www.sgbilliard.ee\/en\/wp-json\/wp\/v2\/media?parent=20291"}],"wp:term":[{"taxonomy":"pwb-brand","embeddable":true,"href":"https:\/\/www.sgbilliard.ee\/en\/wp-json\/wp\/v2\/pwb-brand?post=20291"},{"taxonomy":"product_brand","embeddable":true,"href":"https:\/\/www.sgbilliard.ee\/en\/wp-json\/wp\/v2\/product_brand?post=20291"},{"taxonomy":"product_cat","embeddable":true,"href":"https:\/\/www.sgbilliard.ee\/en\/wp-json\/wp\/v2\/product_cat?post=20291"},{"taxonomy":"product_tag","embeddable":true,"href":"https:\/\/www.sgbilliard.ee\/en\/wp-json\/wp\/v2\/product_tag?post=20291"}],"curies":[{"name":"wp","href":"https:\/\/api.w.org\/{rel}","templated":true}]}}