{"id":20288,"date":"2025-05-05T09:43:18","date_gmt":"2025-05-05T09:43:18","guid":{"rendered":"https:\/\/www.sgbilliard.ee\/toode\/happy-bag\/"},"modified":"2025-07-01T08:05:21","modified_gmt":"2025-07-01T08:05:21","slug":"happy-bag","status":"publish","type":"product","link":"https:\/\/www.sgbilliard.ee\/en\/toode\/happy-bag\/","title":{"rendered":"Bag Happy"},"content":{"rendered":"<ul>\n<li>M\u00f5eldud 3 kuuli jaoks, l\u00e4bim\u00f5\u00f5duga kuni 76mm<\/li>\n<li>V\u00e4ga tugeva kestaga<\/li>\n<li>Kaas on t\u00e4ielikult avatav\/ lukuga<\/li>\n<li>Reguleeritava \u00f5larihmaga<\/li>\n<li>V\u00e4rvivalik: must, sinine, punane<\/li>\n<\/ul>\n","protected":false},"excerpt":{"rendered":"<p>M\u00f5eldud 3 kuuli jaoks, l\u00e4bim\u00f5\u00f5duga kuni 76mm V\u00e4ga tugeva kestaga Kaas on t\u00e4ielikult avatav\/ lukuga Reguleeritava \u00f5larihmaga V\u00e4rvivalik: must, sinine, punane<\/p>\n","protected":false},"featured_media":20244,"comment_status":"closed","ping_status":"open","template":"","meta":{"_acf_changed":false},"pwb-brand":[],"product_brand":[],"product_cat":[596,593],"product_tag":[],"class_list":{"0":"post-20288","1":"product","2":"type-product","3":"status-publish","4":"has-post-thumbnail","6":"product_cat-petanque-bags_en","7":"product_cat-petanque_en","8":"product_shipping_class-courier-parcel-locker","9":"pa_toote-varv-black-en","10":"pa_toote-varv-blue-en","11":"pa_toote-varv-red-en","12":"simple-box-product","14":"first","15":"instock","16":"taxable","17":"shipping-taxable","18":"purchasable","19":"product-type-variable"},"acf":[],"brands":[],"_links":{"self":[{"href":"https:\/\/www.sgbilliard.ee\/en\/wp-json\/wp\/v2\/product\/20288","targetHints":{"allow":["GET"]}}],"collection":[{"href":"https:\/\/www.sgbilliard.ee\/en\/wp-json\/wp\/v2\/product"}],"about":[{"href":"https:\/\/www.sgbilliard.ee\/en\/wp-json\/wp\/v2\/types\/product"}],"replies":[{"embeddable":true,"href":"https:\/\/www.sgbilliard.ee\/en\/wp-json\/wp\/v2\/comments?post=20288"}],"wp:featuredmedia":[{"embeddable":true,"href":"https:\/\/www.sgbilliard.ee\/en\/wp-json\/wp\/v2\/media\/20244"}],"wp:attachment":[{"href":"https:\/\/www.sgbilliard.ee\/en\/wp-json\/wp\/v2\/media?parent=20288"}],"wp:term":[{"taxonomy":"pwb-brand","embeddable":true,"href":"https:\/\/www.sgbilliard.ee\/en\/wp-json\/wp\/v2\/pwb-brand?post=20288"},{"taxonomy":"product_brand","embeddable":true,"href":"https:\/\/www.sgbilliard.ee\/en\/wp-json\/wp\/v2\/product_brand?post=20288"},{"taxonomy":"product_cat","embeddable":true,"href":"https:\/\/www.sgbilliard.ee\/en\/wp-json\/wp\/v2\/product_cat?post=20288"},{"taxonomy":"product_tag","embeddable":true,"href":"https:\/\/www.sgbilliard.ee\/en\/wp-json\/wp\/v2\/product_tag?post=20288"}],"curies":[{"name":"wp","href":"https:\/\/api.w.org\/{rel}","templated":true}]}}