{"id":20286,"date":"2025-05-05T09:43:07","date_gmt":"2025-05-05T09:43:07","guid":{"rendered":"https:\/\/www.sgbilliard.ee\/toode\/fun-bag\/"},"modified":"2025-07-01T08:05:11","modified_gmt":"2025-07-01T08:05:11","slug":"fun-bag","status":"publish","type":"product","link":"https:\/\/www.sgbilliard.ee\/en\/toode\/fun-bag\/","title":{"rendered":"Fun Bag"},"content":{"rendered":"<ul>\n<li>3 petanki kuuli jaoks<\/li>\n<li>Lukuga<\/li>\n<li>T\u00e4ielikult kokkupandav<\/li>\n<li>Tugevdatud k\u00fclgseinad<\/li>\n<li>L\u00fchike kandesang<\/li>\n<li>Saadaval erinevad v\u00e4rvid<\/li>\n<\/ul>\n","protected":false},"excerpt":{"rendered":"<p>3 petanki kuuli jaoks Lukuga T\u00e4ielikult kokkupandav Tugevdatud k\u00fclgseinad L\u00fchike kandesang Saadaval erinevad v\u00e4rvid<\/p>\n","protected":false},"featured_media":20238,"comment_status":"closed","ping_status":"open","template":"","meta":{"_acf_changed":false},"pwb-brand":[],"product_brand":[],"product_cat":[596,593],"product_tag":[],"class_list":{"0":"post-20286","1":"product","2":"type-product","3":"status-publish","4":"has-post-thumbnail","6":"product_cat-petanque-bags_en","7":"product_cat-petanque_en","8":"product_shipping_class-courier-parcel-locker","9":"pa_toote-varv-black-en","10":"pa_toote-varv-blue-en","11":"pa_toote-varv-dark-blue","12":"pa_toote-varv-green-en","13":"pa_toote-varv-red-en","14":"simple-box-product","16":"first","17":"instock","18":"taxable","19":"shipping-taxable","20":"purchasable","21":"product-type-variable"},"acf":[],"brands":[],"_links":{"self":[{"href":"https:\/\/www.sgbilliard.ee\/en\/wp-json\/wp\/v2\/product\/20286","targetHints":{"allow":["GET"]}}],"collection":[{"href":"https:\/\/www.sgbilliard.ee\/en\/wp-json\/wp\/v2\/product"}],"about":[{"href":"https:\/\/www.sgbilliard.ee\/en\/wp-json\/wp\/v2\/types\/product"}],"replies":[{"embeddable":true,"href":"https:\/\/www.sgbilliard.ee\/en\/wp-json\/wp\/v2\/comments?post=20286"}],"wp:featuredmedia":[{"embeddable":true,"href":"https:\/\/www.sgbilliard.ee\/en\/wp-json\/wp\/v2\/media\/20238"}],"wp:attachment":[{"href":"https:\/\/www.sgbilliard.ee\/en\/wp-json\/wp\/v2\/media?parent=20286"}],"wp:term":[{"taxonomy":"pwb-brand","embeddable":true,"href":"https:\/\/www.sgbilliard.ee\/en\/wp-json\/wp\/v2\/pwb-brand?post=20286"},{"taxonomy":"product_brand","embeddable":true,"href":"https:\/\/www.sgbilliard.ee\/en\/wp-json\/wp\/v2\/product_brand?post=20286"},{"taxonomy":"product_cat","embeddable":true,"href":"https:\/\/www.sgbilliard.ee\/en\/wp-json\/wp\/v2\/product_cat?post=20286"},{"taxonomy":"product_tag","embeddable":true,"href":"https:\/\/www.sgbilliard.ee\/en\/wp-json\/wp\/v2\/product_tag?post=20286"}],"curies":[{"name":"wp","href":"https:\/\/api.w.org\/{rel}","templated":true}]}}