{"id":20284,"date":"2025-05-05T09:42:59","date_gmt":"2025-05-05T09:42:59","guid":{"rendered":"https:\/\/www.sgbilliard.ee\/toode\/snadi-ms-petanque-logo-2\/"},"modified":"2025-07-01T08:05:33","modified_gmt":"2025-07-01T08:05:33","slug":"snadi-ms-petanque-logo","status":"publish","type":"product","link":"https:\/\/www.sgbilliard.ee\/en\/toode\/snadi-ms-petanque-logo\/","title":{"rendered":"Snadi MS Petanque logo"},"content":{"rendered":"<ul>\n<li>L\u00e4bim\u00f5\u00f5t 30 mm<\/li>\n<li>MS Petanque logo<\/li>\n<li>Erinevad v\u00e4rvid: roheline, roosa, kollane, punane<\/li>\n<\/ul>\n","protected":false},"excerpt":{"rendered":"<p>L\u00e4bim\u00f5\u00f5t 30 mm MS Petanque logo Erinevad v\u00e4rvid: roheline, roosa, kollane, punane<\/p>\n","protected":false},"featured_media":20285,"comment_status":"closed","ping_status":"open","template":"","meta":{"_acf_changed":false},"pwb-brand":[289],"product_brand":[],"product_cat":[593,598],"product_tag":[],"class_list":{"0":"post-20284","1":"product","2":"type-product","3":"status-publish","4":"has-post-thumbnail","6":"pwb-brand-ms-petanque","7":"product_cat-petanque_en","8":"product_cat-petanque-snadi_en","9":"product_shipping_class-courier-parcel-locker","10":"pa_toote-varv-green-en","11":"pa_toote-varv-pink","12":"pa_toote-varv-red-en","13":"pa_toote-varv-yellow","14":"simple-box-product","16":"first","17":"instock","18":"taxable","19":"shipping-taxable","20":"purchasable","21":"product-type-variable"},"acf":[],"brands":[{"id":289,"name":"MS Petanque","slug":"ms-petanque"}],"_links":{"self":[{"href":"https:\/\/www.sgbilliard.ee\/en\/wp-json\/wp\/v2\/product\/20284","targetHints":{"allow":["GET"]}}],"collection":[{"href":"https:\/\/www.sgbilliard.ee\/en\/wp-json\/wp\/v2\/product"}],"about":[{"href":"https:\/\/www.sgbilliard.ee\/en\/wp-json\/wp\/v2\/types\/product"}],"replies":[{"embeddable":true,"href":"https:\/\/www.sgbilliard.ee\/en\/wp-json\/wp\/v2\/comments?post=20284"}],"wp:featuredmedia":[{"embeddable":true,"href":"https:\/\/www.sgbilliard.ee\/en\/wp-json\/wp\/v2\/media\/20285"}],"wp:attachment":[{"href":"https:\/\/www.sgbilliard.ee\/en\/wp-json\/wp\/v2\/media?parent=20284"}],"wp:term":[{"taxonomy":"pwb-brand","embeddable":true,"href":"https:\/\/www.sgbilliard.ee\/en\/wp-json\/wp\/v2\/pwb-brand?post=20284"},{"taxonomy":"product_brand","embeddable":true,"href":"https:\/\/www.sgbilliard.ee\/en\/wp-json\/wp\/v2\/product_brand?post=20284"},{"taxonomy":"product_cat","embeddable":true,"href":"https:\/\/www.sgbilliard.ee\/en\/wp-json\/wp\/v2\/product_cat?post=20284"},{"taxonomy":"product_tag","embeddable":true,"href":"https:\/\/www.sgbilliard.ee\/en\/wp-json\/wp\/v2\/product_tag?post=20284"}],"curies":[{"name":"wp","href":"https:\/\/api.w.org\/{rel}","templated":true}]}}