{"id":20282,"date":"2025-05-05T09:42:49","date_gmt":"2025-05-05T09:42:49","guid":{"rendered":"https:\/\/www.sgbilliard.ee\/toode\/snadi-ms-petanque-30mm-2\/"},"modified":"2025-07-01T08:05:29","modified_gmt":"2025-07-01T08:05:29","slug":"snadi-ms-petanque-30mm","status":"publish","type":"product","link":"https:\/\/www.sgbilliard.ee\/en\/toode\/snadi-ms-petanque-30mm\/","title":{"rendered":"Snadi MS Petanque 30mm"},"content":{"rendered":"<ul>\n<li>M\u00e4rkekuul<\/li>\n<li>L\u00e4bim\u00f5\u00f5t 30 mm<\/li>\n<li>S\u00fcnteetiline vaik<\/li>\n<li>Erinevad v\u00e4rvid: sinine, punane, roheline, kollane, roosa<\/li>\n<\/ul>\n","protected":false},"excerpt":{"rendered":"<p>M\u00e4rkekuul L\u00e4bim\u00f5\u00f5t 30 mm S\u00fcnteetiline vaik Erinevad v\u00e4rvid: sinine, punane, roheline, kollane, roosa<\/p>\n","protected":false},"featured_media":20283,"comment_status":"closed","ping_status":"open","template":"","meta":{"_acf_changed":false},"pwb-brand":[289],"product_brand":[],"product_cat":[593,598],"product_tag":[],"class_list":{"0":"post-20282","1":"product","2":"type-product","3":"status-publish","4":"has-post-thumbnail","6":"pwb-brand-ms-petanque","7":"product_cat-petanque_en","8":"product_cat-petanque-snadi_en","9":"product_shipping_class-courier-parcel-locker","10":"pa_toote-varv-blue-en","11":"pa_toote-varv-green-en","12":"pa_toote-varv-pink","13":"pa_toote-varv-red-en","14":"pa_toote-varv-yellow","15":"simple-box-product","17":"first","18":"instock","19":"taxable","20":"shipping-taxable","21":"purchasable","22":"product-type-variable"},"acf":[],"brands":[{"id":289,"name":"MS Petanque","slug":"ms-petanque"}],"_links":{"self":[{"href":"https:\/\/www.sgbilliard.ee\/en\/wp-json\/wp\/v2\/product\/20282","targetHints":{"allow":["GET"]}}],"collection":[{"href":"https:\/\/www.sgbilliard.ee\/en\/wp-json\/wp\/v2\/product"}],"about":[{"href":"https:\/\/www.sgbilliard.ee\/en\/wp-json\/wp\/v2\/types\/product"}],"replies":[{"embeddable":true,"href":"https:\/\/www.sgbilliard.ee\/en\/wp-json\/wp\/v2\/comments?post=20282"}],"wp:featuredmedia":[{"embeddable":true,"href":"https:\/\/www.sgbilliard.ee\/en\/wp-json\/wp\/v2\/media\/20283"}],"wp:attachment":[{"href":"https:\/\/www.sgbilliard.ee\/en\/wp-json\/wp\/v2\/media?parent=20282"}],"wp:term":[{"taxonomy":"pwb-brand","embeddable":true,"href":"https:\/\/www.sgbilliard.ee\/en\/wp-json\/wp\/v2\/pwb-brand?post=20282"},{"taxonomy":"product_brand","embeddable":true,"href":"https:\/\/www.sgbilliard.ee\/en\/wp-json\/wp\/v2\/product_brand?post=20282"},{"taxonomy":"product_cat","embeddable":true,"href":"https:\/\/www.sgbilliard.ee\/en\/wp-json\/wp\/v2\/product_cat?post=20282"},{"taxonomy":"product_tag","embeddable":true,"href":"https:\/\/www.sgbilliard.ee\/en\/wp-json\/wp\/v2\/product_tag?post=20282"}],"curies":[{"name":"wp","href":"https:\/\/api.w.org\/{rel}","templated":true}]}}