{"id":23433,"date":"2016-03-31T14:30:21","date_gmt":"2016-03-31T14:30:21","guid":{"rendered":"https:\/\/www.sgbilliard.ee\/about\/"},"modified":"2016-03-31T14:30:21","modified_gmt":"2016-03-31T14:30:21","slug":"about","status":"publish","type":"page","link":"https:\/\/www.sgbilliard.ee\/en\/about\/","title":{"rendered":"About"},"content":{"rendered":"<p>SG Billiard O\u00dc is a privately owned company established in 1992 with the aim of providing a variety of billiard facilities for both amateurs and professionals.<\/p>\n<p>So you can rely on our long experience in everything related to billiards &#8211; billiards is our business!<\/p>\n<p>Our office is located in M\u00e4o, in the centre of M\u00e4o, J\u00e4rva County. Please call in advance before coming<\/p>\n<ul>\n<li>Contact: +372 55 38 103 ; +372 50 12 204<\/li>\n<li>E-mail: sgbilliard@sgbilliard.ee<\/li>\n<\/ul>\n<p>&nbsp;<\/p>\n<p>&nbsp;<\/p>\n","protected":false},"excerpt":{"rendered":"<p>SG Billiard O\u00dc is a privately owned company established in 1992 with the aim of providing a variety of billiard facilities for both amateurs and professionals. So you can rely on our long experience in everything related to billiards &#8211; billiards is our business! Our office is located in M\u00e4o, in the centre of M\u00e4o, [&#8230;]\n","protected":false},"author":1,"featured_media":0,"parent":0,"menu_order":0,"comment_status":"closed","ping_status":"closed","template":"","meta":{"_acf_changed":false,"footnotes":""},"class_list":["post-23433","page","type-page","status-publish","hentry",null],"acf":[],"yoast_head":"<!-- This site is optimized with the Yoast SEO plugin v27.3 - https:\/\/yoast.com\/product\/yoast-seo-wordpress\/ -->\n<title>About - SGbilliard<\/title>\n<meta name=\"robots\" content=\"index, follow, max-snippet:-1, max-image-preview:large, max-video-preview:-1\" \/>\n<link rel=\"canonical\" href=\"https:\/\/www.sgbilliard.ee\/en\/about\/\" \/>\n<meta property=\"og:locale\" content=\"en_US\" \/>\n<meta property=\"og:type\" content=\"article\" \/>\n<meta property=\"og:title\" content=\"About - SGbilliard\" \/>\n<meta property=\"og:description\" content=\"SG Billiard O\u00dc is a privately owned company established in 1992 with the aim of providing a variety of billiard facilities for both amateurs and professionals. So you can rely on our long experience in everything related to billiards &#8211; billiards is our business! Our office is located in M\u00e4o, in the centre of M\u00e4o, [...]\" \/>\n<meta property=\"og:url\" content=\"https:\/\/www.sgbilliard.ee\/en\/about\/\" \/>\n<meta property=\"og:site_name\" content=\"SGbilliard\" \/>\n<meta name=\"twitter:card\" content=\"summary_large_image\" \/>\n<script type=\"application\/ld+json\" class=\"yoast-schema-graph\">{\"@context\":\"https:\\\/\\\/schema.org\",\"@graph\":[{\"@type\":\"WebPage\",\"@id\":\"https:\\\/\\\/www.sgbilliard.ee\\\/en\\\/about\\\/\",\"url\":\"https:\\\/\\\/www.sgbilliard.ee\\\/en\\\/about\\\/\",\"name\":\"About - SGbilliard\",\"isPartOf\":{\"@id\":\"https:\\\/\\\/www.sgbilliard.ee\\\/en\\\/#website\"},\"datePublished\":\"2016-03-31T14:30:21+00:00\",\"breadcrumb\":{\"@id\":\"https:\\\/\\\/www.sgbilliard.ee\\\/en\\\/about\\\/#breadcrumb\"},\"inLanguage\":\"en-US\",\"potentialAction\":[{\"@type\":\"ReadAction\",\"target\":[\"https:\\\/\\\/www.sgbilliard.ee\\\/en\\\/about\\\/\"]}]},{\"@type\":\"BreadcrumbList\",\"@id\":\"https:\\\/\\\/www.sgbilliard.ee\\\/en\\\/about\\\/#breadcrumb\",\"itemListElement\":[{\"@type\":\"ListItem\",\"position\":1,\"name\":\"Home\",\"item\":\"https:\\\/\\\/www.sgbilliard.ee\\\/en\\\/\"},{\"@type\":\"ListItem\",\"position\":2,\"name\":\"About\"}]},{\"@type\":\"WebSite\",\"@id\":\"https:\\\/\\\/www.sgbilliard.ee\\\/en\\\/#website\",\"url\":\"https:\\\/\\\/www.sgbilliard.ee\\\/en\\\/\",\"name\":\"SGbilliard\",\"description\":\"Piljardi pood. Piljardilauad, piljardikiid ja varustus.\",\"publisher\":{\"@id\":\"https:\\\/\\\/www.sgbilliard.ee\\\/en\\\/#organization\"},\"potentialAction\":[{\"@type\":\"SearchAction\",\"target\":{\"@type\":\"EntryPoint\",\"urlTemplate\":\"https:\\\/\\\/www.sgbilliard.ee\\\/en\\\/?s={search_term_string}\"},\"query-input\":{\"@type\":\"PropertyValueSpecification\",\"valueRequired\":true,\"valueName\":\"search_term_string\"}}],\"inLanguage\":\"en-US\"},{\"@type\":\"Organization\",\"@id\":\"https:\\\/\\\/www.sgbilliard.ee\\\/en\\\/#organization\",\"name\":\"SG Billiard\",\"url\":\"https:\\\/\\\/www.sgbilliard.ee\\\/en\\\/\",\"logo\":{\"@type\":\"ImageObject\",\"inLanguage\":\"en-US\",\"@id\":\"https:\\\/\\\/www.sgbilliard.ee\\\/en\\\/#\\\/schema\\\/logo\\\/image\\\/\",\"url\":\"https:\\\/\\\/www.sgbilliard.ee\\\/wp-content\\\/uploads\\\/2016\\\/05\\\/SGbilliard-logo.jpg\",\"contentUrl\":\"https:\\\/\\\/www.sgbilliard.ee\\\/wp-content\\\/uploads\\\/2016\\\/05\\\/SGbilliard-logo.jpg\",\"width\":522,\"height\":98,\"caption\":\"SG Billiard\"},\"image\":{\"@id\":\"https:\\\/\\\/www.sgbilliard.ee\\\/en\\\/#\\\/schema\\\/logo\\\/image\\\/\"}}]}<\/script>\n<!-- \/ Yoast SEO plugin. -->","yoast_head_json":{"title":"About - SGbilliard","robots":{"index":"index","follow":"follow","max-snippet":"max-snippet:-1","max-image-preview":"max-image-preview:large","max-video-preview":"max-video-preview:-1"},"canonical":"https:\/\/www.sgbilliard.ee\/en\/about\/","og_locale":"en_US","og_type":"article","og_title":"About - SGbilliard","og_description":"SG Billiard O\u00dc is a privately owned company established in 1992 with the aim of providing a variety of billiard facilities for both amateurs and professionals. So you can rely on our long experience in everything related to billiards &#8211; billiards is our business! Our office is located in M\u00e4o, in the centre of M\u00e4o, [...]","og_url":"https:\/\/www.sgbilliard.ee\/en\/about\/","og_site_name":"SGbilliard","twitter_card":"summary_large_image","schema":{"@context":"https:\/\/schema.org","@graph":[{"@type":"WebPage","@id":"https:\/\/www.sgbilliard.ee\/en\/about\/","url":"https:\/\/www.sgbilliard.ee\/en\/about\/","name":"About - SGbilliard","isPartOf":{"@id":"https:\/\/www.sgbilliard.ee\/en\/#website"},"datePublished":"2016-03-31T14:30:21+00:00","breadcrumb":{"@id":"https:\/\/www.sgbilliard.ee\/en\/about\/#breadcrumb"},"inLanguage":"en-US","potentialAction":[{"@type":"ReadAction","target":["https:\/\/www.sgbilliard.ee\/en\/about\/"]}]},{"@type":"BreadcrumbList","@id":"https:\/\/www.sgbilliard.ee\/en\/about\/#breadcrumb","itemListElement":[{"@type":"ListItem","position":1,"name":"Home","item":"https:\/\/www.sgbilliard.ee\/en\/"},{"@type":"ListItem","position":2,"name":"About"}]},{"@type":"WebSite","@id":"https:\/\/www.sgbilliard.ee\/en\/#website","url":"https:\/\/www.sgbilliard.ee\/en\/","name":"SGbilliard","description":"Piljardi pood. Piljardilauad, piljardikiid ja varustus.","publisher":{"@id":"https:\/\/www.sgbilliard.ee\/en\/#organization"},"potentialAction":[{"@type":"SearchAction","target":{"@type":"EntryPoint","urlTemplate":"https:\/\/www.sgbilliard.ee\/en\/?s={search_term_string}"},"query-input":{"@type":"PropertyValueSpecification","valueRequired":true,"valueName":"search_term_string"}}],"inLanguage":"en-US"},{"@type":"Organization","@id":"https:\/\/www.sgbilliard.ee\/en\/#organization","name":"SG Billiard","url":"https:\/\/www.sgbilliard.ee\/en\/","logo":{"@type":"ImageObject","inLanguage":"en-US","@id":"https:\/\/www.sgbilliard.ee\/en\/#\/schema\/logo\/image\/","url":"https:\/\/www.sgbilliard.ee\/wp-content\/uploads\/2016\/05\/SGbilliard-logo.jpg","contentUrl":"https:\/\/www.sgbilliard.ee\/wp-content\/uploads\/2016\/05\/SGbilliard-logo.jpg","width":522,"height":98,"caption":"SG Billiard"},"image":{"@id":"https:\/\/www.sgbilliard.ee\/en\/#\/schema\/logo\/image\/"}}]}},"_links":{"self":[{"href":"https:\/\/www.sgbilliard.ee\/en\/wp-json\/wp\/v2\/pages\/23433","targetHints":{"allow":["GET"]}}],"collection":[{"href":"https:\/\/www.sgbilliard.ee\/en\/wp-json\/wp\/v2\/pages"}],"about":[{"href":"https:\/\/www.sgbilliard.ee\/en\/wp-json\/wp\/v2\/types\/page"}],"author":[{"embeddable":true,"href":"https:\/\/www.sgbilliard.ee\/en\/wp-json\/wp\/v2\/users\/1"}],"replies":[{"embeddable":true,"href":"https:\/\/www.sgbilliard.ee\/en\/wp-json\/wp\/v2\/comments?post=23433"}],"version-history":[{"count":0,"href":"https:\/\/www.sgbilliard.ee\/en\/wp-json\/wp\/v2\/pages\/23433\/revisions"}],"wp:attachment":[{"href":"https:\/\/www.sgbilliard.ee\/en\/wp-json\/wp\/v2\/media?parent=23433"}],"curies":[{"name":"wp","href":"https:\/\/api.w.org\/{rel}","templated":true}]}}